{"id":259,"date":"2015-04-27T10:35:35","date_gmt":"2015-04-27T09:35:35","guid":{"rendered":"http:\/\/127.0.0.1\/desjoyaux.com\/?page_id=5"},"modified":"2020-01-16T11:25:25","modified_gmt":"2020-01-16T10:25:25","slug":"pourquoi-devenir-franchise-desjoyaux","status":"publish","type":"page","link":"https:\/\/www.desjoyaux.com\/es\/conviertase-en-franquiciado\/pourquoi-devenir-franchise-desjoyaux\/","title":{"rendered":"\u00bfPor qu\u00e9 convertirse en Franquiciado Desjoyaux?"},"content":{"rendered":"\n<div class=\"is-layout-flow section is-style-white\"><div class=\"container\">\n<h2>\u00a1Por su liderazgo!<\/h2>\n\n\n\n<p>El centro de fabricaci\u00f3n del grupo Piscines Desjoyaux se encuentra en el coraz\u00f3n de Francia, en Saint-Etienne. Actualmente cuenta con una superficie de 40.000 m<sup>2<\/sup> de taller cubierto y 14 Ha de terreno. Desde este centro se exportan las estructuras de piscinas y sistemas de filtraci\u00f3n hacia m\u00e1s de 80 pa\u00edses a trav\u00e9s de una red de distribuidores e importadores.<\/p>\n\n\n\n<p>Desde 1966 se han fabricado y colocado 202.000 piscinas en todo el mundo! Lo que convierte a Desjoyaux en <strong>la primera red exclusiva mundial <\/strong>de construcci\u00f3n de piscinas enterradas<\/p>\n<\/div><\/div>\n\n\n\n<div class=\"is-layout-flow section is-style-orange\"><div class=\"container\">\n<h2>Por su tecnolog\u00eda exclusiva y sus sistemas patentados reservados a los Franquiciados Desjoyaux<\/h2>\n\n\n\n<p>\u00a1Pionero del mercado, la marca est\u00e1 en el origen de la democratizaci\u00f3n de la piscina! Este \u00e9xito comercial se debe a un doble concepto original y patentado: el sistema de encofrado y la filtraci\u00f3n sin canalizaci\u00f3n. Pero tambi\u00e9n a un avance tecnol\u00f3gico incuestionable y una c\u00e9lula de investigaci\u00f3n y desarrollo puntera de la innovaci\u00f3n y en el centro de las preocupaciones del mercado. \u00a1Cada a\u00f1o, Desjoyaux registra 3 \u00f3 4 patentes internacionales!<\/p>\n\n\n\n<p>Adem\u00e1s, los paneles de la estructura se fabrican a partir de materiales 100% reciclados**, una buena noticia para el medio ambiente y sobre todo una exclusividad Desjoyaux. La filtraci\u00f3n sin canalizaci\u00f3n es tambi\u00e9n m\u00e1s ecol\u00f3gica ya que no se vierte agua clorada a la red de alcantarillado.<\/p>\n\n\n\n<p><em>**Es decir 135 kg de PEHD (polietileno de alta densidad) o PP (polipropileno) procedentes de recogida selectiva o industrial para inyectar en materiales reciclados, la estructura del encofrado permanente activo de una piscina Desjoyaux de 8 x 4 m oval.<\/em><\/p>\n<\/div><\/div>\n\n\n\n<div class=\"is-layout-flow section is-style-white\"><div class=\"container\">\n<h2>Por su mundo de servicios<\/h2>\n\n\n\n<p>\u00a1Piscines Desjoyaux no solamente es una piscina privada para todas las familias! La marca tambi\u00e9n impone su liderazgo en los dem\u00e1s sectores como la piscina colectiva (con realizaciones de hasta 23.000 m\u00b2), la renovaci\u00f3n de los parques existentes, el spa, los equipamientos y accesorios, la decoraci\u00f3n, etc.<\/p>\n<\/div><\/div>\n\n\n\n<div class=\"is-layout-flow section is-style-blue\"><div class=\"container\">\n<h2>\u00a1Para unirse a la gran familia de Franquiciados Desjoyaux!<\/h2>\n\n\n\n<p>\u00a1Piscines Desjoyaux es una empresa familiar al servicio de las familias, de todas las familias! \u00a1El grupo ya va por su 4<sup>a<\/sup> generaci\u00f3n!<\/p>\n\n\n\n<figure class=\"wp-block-embed-youtube wp-block-embed is-type-video is-provider-youtube wp-embed-aspect-16-9 wp-has-aspect-ratio\"><div class=\"wp-block-embed__wrapper\">\n<iframe loading=\"lazy\" title=\"Familia Desjoyaux\" width=\"900\" height=\"506\" src=\"https:\/\/www.youtube.com\/embed\/b46grgWi0ek?feature=oembed\" frameborder=\"0\" allow=\"accelerometer; autoplay; encrypted-media; gyroscope; picture-in-picture\" allowfullscreen><\/iframe>\n<\/div><\/figure>\n\n\n\n<p>Apoyarle en su \u00e9xito, b\u00fasqueda de emplazamiento, reclutamiento, formaci\u00f3n a trav\u00e9s de nuestra escuela piloto\u2026 Usted se beneficiar\u00e1 de todos los servicios de soporte del grupo, del prestigio y la imagen de la marca.<\/p>\n\n\n\n<p>Pero tambi\u00e9n: reclutamiento de contactos, creaci\u00f3n de tr\u00e1fico, coordinaci\u00f3n de su archivo de clientes, la marca pone a su disposici\u00f3n herramientas operativas que puede utilizar en su sector.<\/p>\n<\/div><\/div>\n\n\n\n<div class=\"is-layout-flow section is-style-white\"><div class=\"container\">\n<h2>Las ventajas de las franquicias Desjoyaux:<\/h2>\n\n\n\n<ul><li>Una fabricaci\u00f3n 100% francesa<\/li><li>48 a\u00f1os de experiencia<\/li><li>3 \u00f3 4 patentes registradas cada a\u00f1o<\/li><li>50 millones de euros invertidos en los \u00faltimos 5 a\u00f1os<\/li><li>5.000 personas trabajando cada d\u00eda para la marca en todo el mundo<\/li><li>7 filiales, 160 puntos de venta en Francia y presente en 80 pa\u00edses<\/li><\/ul>\n\n\n\n<p><strong>Pero tambi\u00e9n:<\/strong><\/p>\n\n\n\n<ul><li>Sin royalties<\/li><li>Sin derechos de entrada<\/li><li>Rentable desde el 1<sup>er<\/sup>&nbsp;ejercicio<\/li><li>Existencias limitadas<\/li><\/ul>\n\n\n\n<p style=\"color:#049adc\" class=\"has-text-color\"><strong>Aportaci\u00f3n m\u00e1xima de 25.000 \u20ac para la apertura de una concesi\u00f3n<\/strong><\/p>\n<\/div><\/div>\n\n\n\n<div class=\"is-layout-flow section is-style-yellow\"><div class=\"container\">\n<h2 class=\"has-text-align-center\"> \u00bfDesea unirse a nosotros? <\/h2>\n\n\n\n<div class=\"wp-block-button aligncenter is-style-form-button\"><a class=\"wp-block-button__link\" href=\"\/es\/reclutamiento\/convertirse-en-franquiciado\/\">CONVI\u00c9RTASE EN FRANQUICIADO<\/a><\/div>\n<\/div><\/div>\n","protected":false},"excerpt":{"rendered":"\u00a1Por su liderazgo! El centro de fabricaci\u00f3n del grupo Piscines Desjoyaux se encuentra en el coraz\u00f3n de Francia, en Saint-Etienne. Actualmente cuenta con una superficie de 40.000 m2 de taller cubierto y 14 Ha de terreno. Desde este centro se exportan las estructuras de piscinas y sistemas de filtraci\u00f3n hacia m\u00e1s de 80 pa\u00edses a [&hellip;]","protected":false},"author":2,"featured_media":326,"parent":177,"menu_order":0,"comment_status":"closed","ping_status":"closed","template":"","meta":[],"_links":{"self":[{"href":"https:\/\/www.desjoyaux.com\/es\/wp-json\/wp\/v2\/pages\/259"}],"collection":[{"href":"https:\/\/www.desjoyaux.com\/es\/wp-json\/wp\/v2\/pages"}],"about":[{"href":"https:\/\/www.desjoyaux.com\/es\/wp-json\/wp\/v2\/types\/page"}],"author":[{"embeddable":true,"href":"https:\/\/www.desjoyaux.com\/es\/wp-json\/wp\/v2\/users\/2"}],"replies":[{"embeddable":true,"href":"https:\/\/www.desjoyaux.com\/es\/wp-json\/wp\/v2\/comments?post=259"}],"version-history":[{"count":6,"href":"https:\/\/www.desjoyaux.com\/es\/wp-json\/wp\/v2\/pages\/259\/revisions"}],"predecessor-version":[{"id":359,"href":"https:\/\/www.desjoyaux.com\/es\/wp-json\/wp\/v2\/pages\/259\/revisions\/359"}],"up":[{"embeddable":true,"href":"https:\/\/www.desjoyaux.com\/es\/wp-json\/wp\/v2\/pages\/177"}],"wp:featuredmedia":[{"embeddable":true,"href":"https:\/\/www.desjoyaux.com\/es\/wp-json\/wp\/v2\/media\/326"}],"wp:attachment":[{"href":"https:\/\/www.desjoyaux.com\/es\/wp-json\/wp\/v2\/media?parent=259"}],"curies":[{"name":"wp","href":"https:\/\/api.w.org\/{rel}","templated":true}]}}