{"id":258,"date":"2015-04-27T10:17:36","date_gmt":"2015-04-27T09:17:44","guid":{"rendered":"http:\/\/127.0.0.1\/desjoyaux.com\/?page_id=2"},"modified":"2020-01-16T11:20:37","modified_gmt":"2020-01-16T10:20:37","slug":"quienes-somos","status":"publish","type":"page","link":"https:\/\/www.desjoyaux.com\/es\/quienes-somos\/","title":{"rendered":"\u00bfQui\u00e9nes somos?"},"content":{"rendered":"\n<div class=\"is-layout-flow section is-style-default\"><div class=\"container\">\n<h2 class=\"has-text-color\" style=\"color:#f08100\">\u00abLos mayores \u00e9xitos siempre son fruto de un encuentro\u2026\u00bb<\/h2>\n\n\n\n<p>Los mayores \u00e9xitos nunca se producen por casualidad. Son el fruto de reuniones, conversaciones, intercambios de ideas y convicciones en torno a grandes valores como el sentido com\u00fan, la voluntad de innovar y la perseverancia.<br>Actualmente Piscines Desjoyaux representa el mayor grupo fabricante de piscinas, una marca cuyo liderazgo es conocido y reconocido en todo el mundo. Desde nuestros or\u00edgenes, siempre hemos perseguido el objetivo de que un n\u00famero cada vez mayor de personas consiga la piscina de sus sue\u00f1os.<\/p>\n\n\n\n<p>Cuando digo \u00abnosotros\u00bb, pienso en mi padre, por supuesto, pero tambi\u00e9n en las 5.000 personas del grupo que llevan con orgullo nuestros colores por los 5 continentes &#8230;.<\/p>\n\n\n\n<p>Y a todos los que ma\u00f1ana se unan a nosotros con esta voluntad que nos hace crecer d\u00eda a d\u00eda.<\/p>\n\n\n\n<p>\u00a0<\/p>\n\n\n\n<p class=\"has-text-align-right\">Jean-Louis Desjoyaux<\/p>\n\n\n\n<div class=\"wp-block-image\"><figure class=\"alignright\"><img decoding=\"async\" src=\"https:\/\/www.desjoyaux.com\/wp-content\/uploads\/2015\/04\/signature-jld.jpg\" alt=\"signature-jld\" class=\"wp-image-294\" \/><\/figure><\/div>\n<\/div><\/div>\n","protected":false},"excerpt":{"rendered":"\u00abLos mayores \u00e9xitos siempre son fruto de un encuentro\u2026\u00bb Los mayores \u00e9xitos nunca se producen por casualidad. Son el fruto de reuniones, conversaciones, intercambios de ideas y convicciones en torno a grandes valores como el sentido com\u00fan, la voluntad de innovar y la perseverancia.Actualmente Piscines Desjoyaux representa el mayor grupo fabricante de piscinas, una marca [&hellip;]","protected":false},"author":2,"featured_media":319,"parent":0,"menu_order":1,"comment_status":"closed","ping_status":"closed","template":"","meta":[],"_links":{"self":[{"href":"https:\/\/www.desjoyaux.com\/es\/wp-json\/wp\/v2\/pages\/258"}],"collection":[{"href":"https:\/\/www.desjoyaux.com\/es\/wp-json\/wp\/v2\/pages"}],"about":[{"href":"https:\/\/www.desjoyaux.com\/es\/wp-json\/wp\/v2\/types\/page"}],"author":[{"embeddable":true,"href":"https:\/\/www.desjoyaux.com\/es\/wp-json\/wp\/v2\/users\/2"}],"replies":[{"embeddable":true,"href":"https:\/\/www.desjoyaux.com\/es\/wp-json\/wp\/v2\/comments?post=258"}],"version-history":[{"count":2,"href":"https:\/\/www.desjoyaux.com\/es\/wp-json\/wp\/v2\/pages\/258\/revisions"}],"predecessor-version":[{"id":357,"href":"https:\/\/www.desjoyaux.com\/es\/wp-json\/wp\/v2\/pages\/258\/revisions\/357"}],"wp:featuredmedia":[{"embeddable":true,"href":"https:\/\/www.desjoyaux.com\/es\/wp-json\/wp\/v2\/media\/319"}],"wp:attachment":[{"href":"https:\/\/www.desjoyaux.com\/es\/wp-json\/wp\/v2\/media?parent=258"}],"curies":[{"name":"wp","href":"https:\/\/api.w.org\/{rel}","templated":true}]}}