{"id":180,"date":"2015-09-23T15:24:05","date_gmt":"2015-09-23T14:24:05","guid":{"rendered":"https:\/\/www.desjoyaux.com\/2015\/site-francais\/devenez-franchise\/comment-rejoindre-desjoyaux\/"},"modified":"2020-01-16T11:30:37","modified_gmt":"2020-01-16T10:30:37","slug":"como-unirse-a-desjoyaux","status":"publish","type":"page","link":"https:\/\/www.desjoyaux.com\/es\/conviertase-en-franquiciado\/como-unirse-a-desjoyaux\/","title":{"rendered":"\u00bfC\u00f3mo unirse a Desjoyaux?"},"content":{"rendered":"\n<div class=\"is-layout-flow section is-style-white\"><div class=\"container\">\n<h2>\u00bfQu\u00e9 hay que hacer para convertirse en piscinista franquiciado?<\/h2>\n\n\n\n<p>\u00a1Los franquiciados Desjoyaux no est\u00e1n sujetos a <strong>ning\u00fan derecho de entrada<\/strong>!<\/p>\n\n\n\n<p>\u00a1La aportaci\u00f3n inicial solicitada es de <strong>25.000 \u20ac<\/strong> solamente y la franquicia no da lugar a <strong>ning\u00fan tipo de royalties!<\/strong><\/p>\n\n\n\n<p>\u00a1Pero tambi\u00e9n unas <strong>existencias <\/strong>de salida <strong>limitadas<\/strong> y una franquicia <strong>rentable desde el 1<sup>er<\/sup> ejercicio!<\/strong><\/p>\n\n\n\n<p> \u00a0 <\/p>\n<\/div><\/div>\n\n\n\n<div class=\"is-layout-flow section is-style-blue\"><div class=\"container\">\n<h2>Convertirse en Franquiciado Franchis\u00e9 Desjoyaux es:<\/h2>\n\n\n\n<ul><li>Adaptar su concesi\u00f3n Desjoyaux a las normas de la red<\/li><li>Respetar la imagen de la marca (tienda, etc.)<\/li><li>Adoptar las normas y las herramientas de comunicaci\u00f3n<\/li><li>Vender \u00fanicamente los productos referenciados<\/li><li>Respetar y aplicar la pol\u00edtica comercial de la franquicia<\/li><li>Participar en la vida de la red de los franquiciados (reuniones, seminarios, formaciones, etc.)<\/li><li>Optimizar la explotaci\u00f3n del territorio concedido a la franquicia (objetivos de ventas de piscinas)<\/li><li>Desarrollar la ense\u00f1a a nivel nacional (para los franquiciados importadores)<\/li><\/ul>\n\n\n\n<p> \u00a0 <\/p>\n<\/div><\/div>\n\n\n\n<div class=\"is-layout-flow section is-style-white\"><div class=\"container\">\n<h2>Y a cambio la franquicia Desjoyaux le aporta:<\/h2>\n\n\n\n<ul><li>Una marca y un prestigio internacional en el universo de la piscina<\/li><li>Una exclusividad del producto para su franquicia piscinista Desjoyaux<\/li><li>Una exclusividad de implantaci\u00f3n para su franquicia de piscinas<\/li><li>Productos y servicios espec\u00edficos para las franquicias de piscinas<\/li><li>Un saber hacer probado por la red de franquiciados<\/li><li>Una formaci\u00f3n, una asistencia que le respaldar\u00e1 en su cambio de profesi\u00f3n<\/li><li>Una publicidad nacional, herramientas publicitarias espec\u00edficas de la red de franquiciados<\/li><li>\u00a1Un soporte comercial, herramientas de gesti\u00f3n y unas condiciones comerciales adaptadas que le ayudar\u00e1n a lanzarse al universo de la piscina!<\/li><\/ul>\n<\/div><\/div>\n\n\n\n<div class=\"is-layout-flow section is-style-yellow\"><div class=\"container\">\n<h2 class=\"has-text-align-center\">\u00bfDesea unirse a nosotros?<\/h2>\n\n\n\n<div class=\"wp-block-button aligncenter is-style-form-button\"><a class=\"wp-block-button__link\" href=\"\/es\/reclutamiento\/convertirse-en-franquiciado\/\">CONVI\u00c9RTASE EN FRANQUICIADO<\/a><\/div>\n<\/div><\/div>\n","protected":false},"excerpt":{"rendered":"\u00bfQu\u00e9 hay que hacer para convertirse en piscinista franquiciado? \u00a1Los franquiciados Desjoyaux no est\u00e1n sujetos a ning\u00fan derecho de entrada! \u00a1La aportaci\u00f3n inicial solicitada es de 25.000 \u20ac solamente y la franquicia no da lugar a ning\u00fan tipo de royalties! \u00a1Pero tambi\u00e9n unas existencias de salida limitadas y una franquicia rentable desde el 1er ejercicio! [&hellip;]","protected":false},"author":2,"featured_media":332,"parent":177,"menu_order":2,"comment_status":"closed","ping_status":"closed","template":"","meta":[],"_links":{"self":[{"href":"https:\/\/www.desjoyaux.com\/es\/wp-json\/wp\/v2\/pages\/180"}],"collection":[{"href":"https:\/\/www.desjoyaux.com\/es\/wp-json\/wp\/v2\/pages"}],"about":[{"href":"https:\/\/www.desjoyaux.com\/es\/wp-json\/wp\/v2\/types\/page"}],"author":[{"embeddable":true,"href":"https:\/\/www.desjoyaux.com\/es\/wp-json\/wp\/v2\/users\/2"}],"replies":[{"embeddable":true,"href":"https:\/\/www.desjoyaux.com\/es\/wp-json\/wp\/v2\/comments?post=180"}],"version-history":[{"count":3,"href":"https:\/\/www.desjoyaux.com\/es\/wp-json\/wp\/v2\/pages\/180\/revisions"}],"predecessor-version":[{"id":363,"href":"https:\/\/www.desjoyaux.com\/es\/wp-json\/wp\/v2\/pages\/180\/revisions\/363"}],"up":[{"embeddable":true,"href":"https:\/\/www.desjoyaux.com\/es\/wp-json\/wp\/v2\/pages\/177"}],"wp:featuredmedia":[{"embeddable":true,"href":"https:\/\/www.desjoyaux.com\/es\/wp-json\/wp\/v2\/media\/332"}],"wp:attachment":[{"href":"https:\/\/www.desjoyaux.com\/es\/wp-json\/wp\/v2\/media?parent=180"}],"curies":[{"name":"wp","href":"https:\/\/api.w.org\/{rel}","templated":true}]}}