{"id":17,"date":"2015-04-27T10:46:29","date_gmt":"2015-04-27T09:46:29","guid":{"rendered":"http:\/\/127.0.0.1\/desjoyaux.com\/?page_id=11"},"modified":"2020-01-16T11:38:44","modified_gmt":"2020-01-16T10:38:44","slug":"advertencias-legales","status":"publish","type":"page","link":"https:\/\/www.desjoyaux.com\/es\/advertencias-legales\/","title":{"rendered":"Advertencias legales"},"content":{"rendered":"\n<div class=\"is-layout-flow section is-style-white\"><div class=\"container\">\n<h2>Alojamiento<\/h2>\n\n\n\n<p>Ice developement<br>16 rue Maurice Bouchor &#8211; 69007 Lyon<\/p>\n\n\n\n<p>&nbsp;<\/p>\n\n\n\n<h2>Recogida de datos personales<\/h2>\n\n\n\n<p>La informaci\u00f3n solicitada est\u00e1 destinada a la empresa PISCINES DESJOYAUX SA y a su red de distribuci\u00f3n; dicha informaci\u00f3n es necesaria para tratar su solicitud. Por lo tanto la respuesta a las preguntas es obligatoria. Usted dispone de un derecho de acceso, modificaci\u00f3n, rectificaci\u00f3n y supresi\u00f3n de los datos que le conciernen (ley \u00abInform\u00e1tica y Libertades\u00bb del 6 de enero de1978). Para cualquier pregunta, dir\u00edjase a: Piscines DESJOYAUX, Service Hotline \u2013 42 avenue Beno\u00eet Fourneyron \u2013 CS 50280 \u2013 42484 La Fouillouse Cedex.<\/p>\n\n\n\n<p>&nbsp;<\/p>\n\n\n\n<h2>Direcci\u00f3n de la publicaci\u00f3n<\/h2>\n\n\n\n<p>Departamento de Marketing: Fanny Desjoyaux<\/p>\n\n\n\n<p>&nbsp;<\/p>\n\n\n\n<h2>Cr\u00e9ditos fotograf\u00edas<\/h2>\n\n\n\n<p>Desjoyaux, quedan reservados todos los derechos.<\/p>\n<\/div><\/div>\n","protected":false},"excerpt":{"rendered":"Alojamiento Ice developement16 rue Maurice Bouchor &#8211; 69007 Lyon &nbsp; Recogida de datos personales La informaci\u00f3n solicitada est\u00e1 destinada a la empresa PISCINES DESJOYAUX SA y a su red de distribuci\u00f3n; dicha informaci\u00f3n es necesaria para tratar su solicitud. Por lo tanto la respuesta a las preguntas es obligatoria. Usted dispone de un derecho de [&hellip;]","protected":false},"author":2,"featured_media":0,"parent":0,"menu_order":4,"comment_status":"closed","ping_status":"closed","template":"","meta":[],"_links":{"self":[{"href":"https:\/\/www.desjoyaux.com\/es\/wp-json\/wp\/v2\/pages\/17"}],"collection":[{"href":"https:\/\/www.desjoyaux.com\/es\/wp-json\/wp\/v2\/pages"}],"about":[{"href":"https:\/\/www.desjoyaux.com\/es\/wp-json\/wp\/v2\/types\/page"}],"author":[{"embeddable":true,"href":"https:\/\/www.desjoyaux.com\/es\/wp-json\/wp\/v2\/users\/2"}],"replies":[{"embeddable":true,"href":"https:\/\/www.desjoyaux.com\/es\/wp-json\/wp\/v2\/comments?post=17"}],"version-history":[{"count":3,"href":"https:\/\/www.desjoyaux.com\/es\/wp-json\/wp\/v2\/pages\/17\/revisions"}],"predecessor-version":[{"id":371,"href":"https:\/\/www.desjoyaux.com\/es\/wp-json\/wp\/v2\/pages\/17\/revisions\/371"}],"wp:attachment":[{"href":"https:\/\/www.desjoyaux.com\/es\/wp-json\/wp\/v2\/media?parent=17"}],"curies":[{"name":"wp","href":"https:\/\/api.w.org\/{rel}","templated":true}]}}