{"id":140,"date":"2015-08-10T09:59:54","date_gmt":"2015-08-10T08:59:54","guid":{"rendered":"https:\/\/www.desjoyaux.com\/2015\/site-francais\/le-concept\/"},"modified":"2020-01-16T11:15:45","modified_gmt":"2020-01-16T10:15:45","slug":"el-concepto","status":"publish","type":"page","link":"https:\/\/www.desjoyaux.com\/es\/quienes-somos\/el-concepto\/","title":{"rendered":"El concepto"},"content":{"rendered":"\n<div class=\"is-layout-flow section is-style-white\"><div class=\"container\">\n<h2>Pionero e inventor de un concepto \u00fanico: la piscina enterrada al alcance de todos<\/h2>\n\n\n\n<p>La marca est\u00e1 en el origen de la democratizaci\u00f3n de la piscina mediante la comercializaci\u00f3n, a partir de 1994, de un modelo est\u00e1ndar para el disfrute del agua en familia. Convertida en la actividad principal de la marca, la oferta de piscina familiar abarca desde la piscina b\u00e1sica en kit preparada para ser instalada, hasta la piscina de alto standing muy equipada.<\/p>\n<\/div><\/div>\n\n\n\n<div class=\"is-layout-flow section is-style-blue\"><div class=\"container\">\n<h2>Nuevo, renovaci\u00f3n, piscina privada y colectiva, equipamiento, servicios&#8230;<\/h2>\n\n\n\n<p>En el centro de la innovaci\u00f3n y del mercado, la marca impone su liderazgo sobre los dem\u00e1s sectores, la renovaci\u00f3n del parque de piscinas existente con un concepto accesible t\u00e9cnica y econ\u00f3micamente; las piscinas colectivas en Francia y en el mundo con realizaciones de hasta 23.500 m\u00b2, el equipamiento de la piscina para la creaci\u00f3n de un nuevo espacio de vida.<\/p>\n<\/div><\/div>\n\n\n\n<div class=\"is-layout-flow section is-style-white\"><div class=\"container\">\n<h2>M\u00e1s que una marca, todo un mundo de servicios<\/h2>\n\n\n\n<p>Apoyarle en su \u00e9xito, b\u00fasqueda de emplazamiento, reclutamiento, formaci\u00f3n\u2026 usted se beneficiar\u00e1 de todos los servicios de soporte del grupo, del prestigio y de la imagen de la marca.<\/p>\n\n\n\n<p>Reclutamiento de contactos, creaci\u00f3n de tr\u00e1fico, coordinaci\u00f3n de su archivo de clientes, la marca pone a su disposici\u00f3n herramientas operativas que puede utilizar en su sector.<\/p>\n<\/div><\/div>\n","protected":false},"excerpt":{"rendered":"Pionero e inventor de un concepto \u00fanico: la piscina enterrada al alcance de todos La marca est\u00e1 en el origen de la democratizaci\u00f3n de la piscina mediante la comercializaci\u00f3n, a partir de 1994, de un modelo est\u00e1ndar para el disfrute del agua en familia. Convertida en la actividad principal de la marca, la oferta de [&hellip;]","protected":false},"author":2,"featured_media":322,"parent":258,"menu_order":0,"comment_status":"closed","ping_status":"closed","template":"","meta":[],"_links":{"self":[{"href":"https:\/\/www.desjoyaux.com\/es\/wp-json\/wp\/v2\/pages\/140"}],"collection":[{"href":"https:\/\/www.desjoyaux.com\/es\/wp-json\/wp\/v2\/pages"}],"about":[{"href":"https:\/\/www.desjoyaux.com\/es\/wp-json\/wp\/v2\/types\/page"}],"author":[{"embeddable":true,"href":"https:\/\/www.desjoyaux.com\/es\/wp-json\/wp\/v2\/users\/2"}],"replies":[{"embeddable":true,"href":"https:\/\/www.desjoyaux.com\/es\/wp-json\/wp\/v2\/comments?post=140"}],"version-history":[{"count":2,"href":"https:\/\/www.desjoyaux.com\/es\/wp-json\/wp\/v2\/pages\/140\/revisions"}],"predecessor-version":[{"id":355,"href":"https:\/\/www.desjoyaux.com\/es\/wp-json\/wp\/v2\/pages\/140\/revisions\/355"}],"up":[{"embeddable":true,"href":"https:\/\/www.desjoyaux.com\/es\/wp-json\/wp\/v2\/pages\/258"}],"wp:featuredmedia":[{"embeddable":true,"href":"https:\/\/www.desjoyaux.com\/es\/wp-json\/wp\/v2\/media\/322"}],"wp:attachment":[{"href":"https:\/\/www.desjoyaux.com\/es\/wp-json\/wp\/v2\/media?parent=140"}],"curies":[{"name":"wp","href":"https:\/\/api.w.org\/{rel}","templated":true}]}}